{"id":3,"date":"2019-10-18T16:19:48","date_gmt":"2019-10-18T16:19:48","guid":{"rendered":"https:\/\/staging.coralandcameo.com\/?page_id=3"},"modified":"2022-08-10T08:56:26","modified_gmt":"2022-08-10T08:56:26","slug":"privacy-cookie-policy","status":"publish","type":"page","link":"https:\/\/coralandcameo.com\/it\/privacy-cookie-policy\/","title":{"rendered":"Privacy &#038; Cookie Policy"},"content":{"rendered":"\r\n<p>In questa pagina si descrivono le modalit\u00e0 di gestione del sito in riferimento al trattamento dei dati personali degli utenti che lo consultano.<br \/>Si tratta di un\u2019informativa resa ai sensi del Regolamento UE 2016\/679 del 27 aprile 2016 (<strong>GDPR<\/strong>) e dell\u2019art. 13 del d.lgs. n. 196\/2003 \u2013 Codice in materia di protezione dei dati personali \u2013 a coloro che interagiscono con i servizi web di <strong>MOSTACCIUOLO ANNA S.n.c.<\/strong>, accessibili per via telematica a partire dagli indirizzi:<\/p>\r\n<p><strong><a href=\"http:\/\/www.coralandcameo.com\" target=\"_blank\" rel=\"noopener noreferrer\">coralandcameo.com<\/a><\/strong><\/p>\r\n<p><strong><a href=\"http:\/\/www.coralandcameo.it\" target=\"_blank\" rel=\"noopener noreferrer\">coralandcameo.it<\/a><\/strong><\/p>\r\n<p><strong><a href=\"http:\/\/www.coralliecammei.com\" target=\"_blank\" rel=\"noopener noreferrer\">coralliecammei.com<\/a><\/strong><\/p>\r\n<p><strong><a href=\"http:\/\/www.coralliecammei.it\" target=\"_blank\" rel=\"noopener noreferrer\">coralliecammei.it<\/a><\/strong><\/p>\r\n<p>corrispondenti alle pagine iniziali del sito di propriet\u00e0 di <strong>MOSTACCIUOLO ANNA S.n.c.<\/strong><\/p>\r\n<p>L\u2019informativa \u00e8 resa solo per i siti sopra indicati e non anche per gli altri siti web eventualmente consultati dall\u2019utente tramite link.<\/p>\r\n<h2 class=\"wp-block-heading\">IL \u201cTITOLARE\u201d DEL TRATTAMENTO<\/h2>\r\n<p>Il Titolare del trattamento \u00e8 <strong>MOSTACCIUOLO ANNA S.n.c.<\/strong>, che ha sede in <strong>Piazza Duomo, 22 \u2013 84011 Amalfi (SA)<\/strong>.<\/p>\r\n<h2>RESPONSABILI DEL TRATTAMENTO<\/h2>\r\n<p>L\u2019elenco completo ed aggiornato dei soggetti designati responsabili \u00e8 disponibile su richiesta presso la nostra sede.<\/p>\r\n<h2>TIPOLOGIE DI DATI TRATTATI<\/h2>\r\n<h3>Dati di navigazione<\/h3>\r\n<p>I sistemi informatici e le procedure software preposte al funzionamento di questo sito web acquisiscono, nel corso del loro normale esercizio, alcuni dati personali la cui trasmissione \u00e8 implicita nell\u2019uso dei protocolli di comunicazione di Internet. Si tratta di informazioni che non sono raccolte per essere associate a interessati identificati, ma che per loro stessa natura potrebbero, attraverso elaborazioni ed associazioni con dati detenuti da terzi, permettere di identificare gli utenti. In questa categoria di dati rientrano gli indirizzi IP o i nomi a dominio dei computer utilizzati dagli utenti che si connettono al sito, gli indirizzi in notazione URI (Uniform Resource Identifier) delle risorse richieste, l\u2019orario della richiesta, il metodo utilizzato nel sottoporre la richiesta al server, la dimensione del file ottenuto in risposta, il codice numerico indicante lo stato della risposta data dal server (buon fine, errore, ecc.) ed altri parametri relativi al sistema operativo e all\u2019ambiente informatico dell\u2019utente. Questi dati vengono utilizzati al solo fine di ricavare informazioni statistiche anonime sull\u2019uso del sito e per controllarne il corretto funzionamento. I dati potrebbero essere utilizzati per l\u2019accertamento di responsabilit\u00e0 in caso di ipotetici reati informatici ai danni del sito.<\/p>\r\n<h3>Dati comunicati volontariamente dall\u2019utente<\/h3>\r\n<p>Salvo quanto detto per i dati di navigazione e i cookies utilizzati sul sito web di\u00a0 <strong><a href=\"https:\/\/coralandcameo.com\" target=\"_blank\" rel=\"noopener noreferrer\">MOSTACCIUOLO ANNA S.n.c.<\/a><\/strong>\u00a0 sei sempre libero di fornire i tuoi dati personali.<br \/>La richiesta di informazioni e\/o preventivi comportano l&#8217;acquisizione dei tuoi dati di contatto, necessari a rispondere, nonch\u00e9 di tutti i dati personali inclusi nelle comunicazioni.<\/p>\r\n<p>I dati personali eventualmente raccolti saranno trattati ai sensi dell\u2019art. 6 del GDPR.<br \/>Tali dati raccolti dal Titolare ai fini dell\u2019eventuale erogazione del servizio includono:<br \/>\u2022 dati anagrafici e di contatto, come ad esempio: nome, cognome, indirizzo, numero di telefono, nazionalit\u00e0, e-mail ed altri recapiti;<br \/>\u2022 dati fiscali;<br \/>\u2022 eventuali ulteriori dati che riterr\u00e0 opportuno comunicare.<br \/>Per l\u2019acquisto dei servizi offerti tramite il nostro sito web il conferimento dei dati \u00e8 indispensabile e obbligatorio ai fini della conclusione dell\u2019ordine.<\/p>\r\n<p>Le interazioni con i processori di pagamento di Terze parti sono regolate dalla politica sulla privacy dell\u2019organizzazione che le fornisce.<\/p>\r\n<p>&nbsp;<\/p>\r\n<h2>COMUNICAZIONE E DIFFUSIONE DEI DATI<\/h2>\r\n<p>I dati personali da te forniti sono utilizzati al solo fine di eseguire il servizio o la prestazione richiesta e non sono comunicati a terzi, tranne nei seguenti possibili casi:<\/p>\r\n<ul>\r\n<li>fornitori indipendenti che potranno trattare i Dati personali necessari per svolgere le funzioni loro affidate, ma non potranno utilizzarli per altri scopi, nel rispetto delle garanzie previste dalla legge;<\/li>\r\n<li>persone, societ\u00e0 o studi professionali che prestino attivit\u00e0 di assistenza e consulenza in materia contabile, amministrativa, legale, tributaria, finanziaria e tecnica;<\/li>\r\n<li>soggetti cui la facolt\u00e0 di accedere ai dati sia riconosciuta da disposizioni di legge o da ordini delle autorit\u00e0.<\/li>\r\n<\/ul>\r\n<p>I servizi di pagamento sono affidati a fornitori terzi, ai quali comunicherai i tuoi dati, inclusi i dati personali e i dati relativi alla carta di credito, che agiranno in veste di autonomi titolari del trattamento dei dati personali al fine di fornire i servizi di pagamento nel rispetto della normativa applicabile e degli standard internazionali di sicurezza.<br \/>I trattamenti connessi ai servizi web sono curati solo da personale tecnico incaricato del trattamento, oppure da eventuali incaricati di occasionali operazioni di manutenzione. Nessun dato derivante dal servizio web viene comunicato o diffuso a terzi.<\/p>\r\n<h2>CONSERVAZIONE DEI DATI RACCOLTI<\/h2>\r\n<p>Il trattamento dei dati personali verr\u00e0 effettuato sia mediante supporti cartacei, sia attraverso l\u2019ausilio di mezzi informatici per il tempo necessario a conseguire gli scopi per cui sono stati raccolti o comunque per il tempo necessario per l\u2019accertamento, l\u2019esercizio e la difesa in sede giudiziaria dei nostri diritti e dei diritti degli utenti.<\/p>\r\n<h2>PROTEZIONE DEI DATI<\/h2>\r\n<p>Ci impegniamo a proteggere i dati personali dei nostri utenti. Per questo motivo abbiamo predisposto ed adottiamo misure tecniche e organizzative adeguate per garantire la sicurezza dei dati personali forniti.<br \/>In particolare:<\/p>\r\n<ul>\r\n<li>verifichiamo le nostre prassi per le attivit\u00e0 di acquisizione, conservazione e trattamento dei dati, misure di sicurezza fisica comprese, allo scopo di impedire l\u2019accesso non autorizzato ai sistemi;<\/li>\r\n<li>facciamo uso di tecnologie di crittografia, ove appropriato;<\/li>\r\n<li>facciamo uso di misure di protezione mediante password, ove appropriato;<\/li>\r\n<li>limitiamo l\u2019accesso ai Dati personali ai soli dipendenti e collaboratori che hanno la necessit\u00e0 di accedere a tali dati al fine di elaborarli per nostro conto e sotto rigidi obblighi di riservatezza contrattuali.<\/li>\r\n<\/ul>\r\n<h2>COOKIE POLICY<\/h2>\r\n<h3>Informativa Estesa<\/h3>\r\n<p>Il sito web di\u00a0 <strong><a href=\"https:\/\/coralandcameo.com\" target=\"_blank\" rel=\"noopener noreferrer\">MOSTACCIUOLO ANNA S.n.c.<\/a><\/strong>\u00a0\u00a0utilizza cookie e\/o tecnologie analoghe per garantire il corretto funzionamento delle procedure e una migliore esperienza nell\u2019uso delle applicazioni online. In questa pagina forniamo le informazioni dettagliate sull\u2019uso dei cookie e delle tecnologie assimilabili, su come sono utilizzati e su come gestirli, in adeguamento alla recente normativa italiana ed europea relativa agli obblighi di informazione e tutela degli utenti dei siti web.<br \/>Nello specifico ti informiamo che il sito non usa n\u00e9 user\u00e0 mai cookie di tracciamento n\u00e9 di profilazione, ma solo quelli strettamente necessari al funzionamento ed all\u2019analisi strutturata delle prestazioni e del traffico.<\/p>\r\n<h3>Definizioni<\/h3>\r\n<p>I cookie sono brevi stringhe di testo (lettere e\/o numeri) che permettono al web server di memorizzare sul client (il browser) informazioni da riutilizzare nel corso della medesima visita al sito (cookie di sessione) o in seguito, anche a distanza di giorni (cookie persistenti). I cookie vengono memorizzati, in base alle preferenze dell\u2019utente, dal singolo browser sullo specifico dispositivo utilizzato (computer, tablet, smartphone).<\/p>\r\n<h3>Tipologie di cookie<\/h3>\r\n<p>In base alle caratteristiche ed all\u2019utilizzo dei cookie possiamo distinguere diverse categorie:<\/p>\r\n<ul>\r\n<li>Cookie strettamente necessari. Si tratta di cookie indispensabili per il corretto funzionamento del sito di\u00a0 <strong><a href=\"https:\/\/coralandcameo.com\" target=\"_blank\" rel=\"noopener noreferrer\">MOSTACCIUOLO ANNA S.n.c.<\/a><\/strong>\u00a0\u00a0e sono utilizzati per gestire il login e l\u2019accesso alle funzioni riservate del sito. La durata dei cookie \u00e8 strettamente limitata alla sessione di lavoro (chiuso il browser vengono cancellati).<\/li>\r\n<li>Cookie di analisi e prestazioni. Sono cookie utilizzati per raccogliere e analizzare il traffico e l\u2019utilizzo del sito in modo anonimo. Questi cookie, pur senza identificare l\u2019utente, consentono, per esempio, di rilevare se il medesimo utente torna a collegarsi in momenti diversi. Permettono inoltre di monitorare il sistema e migliorarne le prestazioni e l\u2019usabilit\u00e0. La disattivazione di tali cookie pu\u00f2 essere eseguita senza alcuna perdita di funzionalit\u00e0.<\/li>\r\n<li>Cookie di profilazione. Si tratta di cookie permanenti utilizzati per identificare (in modo anonimo e non) le preferenze dell\u2019utente e migliorare la sua esperienza di navigazione. Il sito di\u00a0 <strong><a href=\"https:\/\/coralandcameo.com\" target=\"_blank\" rel=\"noopener noreferrer\">MOSTACCIUOLO ANNA S.n.c.<\/a><\/strong>\u00a0non utilizza cookie di questo tipo.<\/li>\r\n<\/ul>\r\n<h3>Cookie di terze parti<\/h3>\r\n<p>Quando si visita un sito web \u00e8 possibile ricevere cookie sia dal sito che si sta visitando (\u201ccookie proprietari\u201d), sia da siti gestiti da altre organizzazioni (detti di \u201cterze parti\u201d).<\/p>\r\n<h3>Durata dei cookie<\/h3>\r\n<p>Alcuni cookie (cookie di sessione) restano attivi solo fino alla chiusura del browser o all\u2019esecuzione del comando di logout. Altri cookie \u201csopravvivono\u201d alla chiusura del browser e sono disponibili anche in successive visite dell\u2019utente.<\/p>\r\n<p>Questi cookie sono detti persistenti e la loro durata \u00e8 fissata dal server al momento della loro creazione. In alcuni casi \u00e8 fissata una scadenza, in altri casi la durata \u00e8 illimitata.<\/p>\r\n<p>Tuttavia, navigando sulle pagine del sito web di <strong><a href=\"https:\/\/coralandcameo.com\" target=\"_blank\" rel=\"noopener noreferrer\">MOSTACCIUOLO ANNA S.n.c.<\/a><\/strong>\u00a0\u00a0, si pu\u00f2 interagire con siti gestiti da terze parti che possono creare o modificare cookie permanenti e di profilazione.<\/p>\r\n<h3>Gestione dei cookie<\/h3>\r\n<p>Puoi decidere se accettare o meno i cookie utilizzando le impostazioni del tuo browser.<\/p>\r\n<p>Attenzione: la disabilitazione totale o parziale dei cookie tecnici pu\u00f2 compromettere l\u2019utilizzo delle funzionalit\u00e0 del sito riservate agli utenti registrati. Al contrario, la fruibilit\u00e0 dei contenuti pubblici \u00e8 possibile anche disabilitando completamente i cookie. La disabilitazione dei cookie \u201cterze parti\u201d non pregiudica in alcun modo la navigabilit\u00e0.<\/p>\r\n<p>Una lista aggiornata con le istruzioni per la gestione dei cookies nei browser pi\u00f9 utilizzati pu\u00f2 essere consultata alla pagina<\/p>\r\n<p><a href=\"http:\/\/ikb.itncentral.com\/ikb\/gestione-cookie-nei-browser\/\" target=\"_blank\" rel=\"noopener noreferrer\"><strong>http:\/\/ikb.itncentral.com\/ikb\/gestione-cookie-nei-browser\/<\/strong><\/a><strong>.<\/strong><\/p>\r\n<h2>MODALIT\u00c0 DEL TRATTAMENTO<\/h2>\r\n<p>I dati personali sono trattati con strumenti automatizzati. Specifiche misure di sicurezza sono osservate per prevenire la perdita dei dati, usi illeciti o non corretti ed accessi non autorizzati.<\/p>\r\n<h2>DIRITTI DEGLI INTERESSATI<\/h2>\r\n<p>Potrai rivolgerti direttamente al Titolare o al Responsabile per far valere i tuoi diritti, cos\u00ec come previsto dalla Normativa Applicabile.<\/p>\r\n<p>I diritti garantiti dalla Normativa Applicabile, potranno essere esercitati contattando il Titolare, a mezzo raccomandata a\/r presso la sede legale di <strong>MOSTACCIUOLO ANNA S.n.c.<\/strong>\u00a0 ovvero inviando un messaggio di posta elettronica al seguente indirizzo <strong><a href=\"mailto:info@coralandcameo.com\" target=\"_blank\" rel=\"noopener noreferrer\">info@coralandcameo.com<\/a><\/strong><\/p>\r\n<p>Ai sensi della Normativa Applicabile, ti informiamo che hai il diritto di ottenere l&#8217;indicazione<\/p>\r\n<ol>\r\n<li>dell&#8217;origine dei dati personali;<\/li>\r\n<li>delle finalit\u00e0 e modalit\u00e0 del trattamento;<\/li>\r\n<li>della logica applicata in caso di trattamento effettuato con l&#8217;ausilio di strumenti elettronici;<\/li>\r\n<li>degli estremi identificativi del Titolare e dei Responsabili;<\/li>\r\n<li>dei soggetti o delle categorie di soggetti ai quali i dati personali possono essere comunicati o che possono venirne a conoscenza in qualit\u00e0 di responsabili o incaricati.<\/li>\r\n<\/ol>\r\n<p>Inoltre, hai il diritto di ottenere:<\/p>\r\n<p>a) l\u2019accesso, l&#8217;aggiornamento, la rettificazione ovvero, quando vi \u00e8 interesse, l&#8217;integrazione dei dati;<\/p>\r\n<p>b) la cancellazione, la trasformazione in forma anonima o il blocco dei dati trattati in violazione di legge, compresi quelli di cui non \u00e8 necessaria la conservazione in relazione agli scopi per i quali i dati sono stati raccolti o successivamente trattati;<\/p>\r\n<p>c) l&#8217;attestazione che le operazioni di cui alle lettere a) e b) sono state portate a conoscenza, anche per quanto riguarda il loro contenuto, di coloro ai quali i dati sono stati comunicati o diffusi, eccettuato il caso in cui tale adempimento si rivela impossibile o comporta un impiego di mezzi manifestamente sproporzionato rispetto al diritto tutelato.<\/p>\r\n<p>Inoltre, hai:<\/p>\r\n<p>a) il diritto di revocare il consenso, in qualsiasi momento, nel caso in cui abbia acconsentito al trattamento dei dati personali per le finalit\u00e0 commerciali e di marketing;<\/p>\r\n<p>b) se applicabile il diritto alla portabilit\u00e0 dei dati (diritto di ricevere tutti i dati personali che ti riguardano in un formato strutturato, di uso comune e leggibile da dispositivo automatico), il diritto alla limitazione del trattamento dei dati personali e il diritto alla cancellazione (\u201cdiritto all\u2019oblio\u201d);<\/p>\r\n<p>c) il diritto di opporsi in tutto o in parte, per motivi connessi alla tua situazione personale, al trattamento dei dati personali che ti riguardano, ancorch\u00e9 pertinenti allo scopo della raccolta, nonch\u00e9 di opporsi, in ogni momento, al trattamento di dati per finalit\u00e0 di marketing ovvero di opporsi solo con riguardo ad alcune modalit\u00e0;<\/p>\r\n<p>d) qualora tu ritenga che il trattamento dei dati personali svolto dal Titolare violi il Regolamento, hai il diritto di proporre reclamo a un\u2019Autorit\u00e0 di controllo (nello Stato membro in cui risiede abitualmente, in quello in cui lavora oppure in quello in cui si \u00e8 verificata la presunta violazione). L\u2019Autorit\u00e0 di controllo italiana \u00e8 il Garante per la protezione dei dati personali, con sede in Piazza di Monte Citorio n. 121, 00186 \u2013 Roma (<strong><a href=\"http:\/\/www.garanteprivacy.it\/\">http:\/\/www.garanteprivacy.it\/<\/a><\/strong>).<\/p>\r\n<p>Considerando che lo stato di perfezionamento dei meccanismi automatici di controllo non li rende attualmente esenti da errori e disfunzioni, si precisa che il presente documento, pubblicato all\u2019indirizzo<\/p>\r\n<p><strong><a href=\"https:\/\/coralandcameo.com\/privacy-cookie-policy\/\" target=\"_blank\" rel=\"noopener noreferrer\">https:\/\/coralandcameo.com\/privacy-cookie-policy\/<\/a><\/strong><\/p>\r\n<p>costituisce la \u201cPrivacy Policy\u201d di questo sito che sar\u00e0 soggetta ad aggiornamenti (restano le varie versioni consultabili al medesimo indirizzo).<\/p>\r\n","protected":false},"excerpt":{"rendered":"<p>In questa pagina si descrivono le modalit\u00e0 di gestione del sito in riferimento al trattamento dei dati personali degli utenti che lo consultano.Si tratta di un\u2019informativa resa ai sensi del Regolamento UE 2016\/679 del 27 aprile 2016 (GDPR) e dell\u2019art. 13 del d.lgs. n. 196\/2003 \u2013 Codice in materia di protezione dei dati personali \u2013 [&hellip;]<\/p>\n","protected":false},"author":1,"featured_media":0,"parent":0,"menu_order":0,"comment_status":"closed","ping_status":"closed","template":"","meta":{"footnotes":""},"class_list":["post-3","page","type-page","status-publish","hentry"],"yoast_head":"<!-- This site is optimized with the Yoast SEO plugin v27.3 - https:\/\/yoast.com\/product\/yoast-seo-wordpress\/ -->\n<title>Privacy &amp; Cookie Policy - Coral and Cameo<\/title>\n<meta name=\"robots\" content=\"index, follow, max-snippet:-1, max-image-preview:large, max-video-preview:-1\" \/>\n<link rel=\"canonical\" href=\"https:\/\/coralandcameo.com\/it\/privacy-cookie-policy\/\" \/>\n<meta property=\"og:locale\" content=\"it_IT\" \/>\n<meta property=\"og:type\" content=\"article\" \/>\n<meta property=\"og:title\" content=\"Privacy &amp; Cookie Policy - Coral and Cameo\" \/>\n<meta property=\"og:description\" content=\"In questa pagina si descrivono le modalit\u00e0 di gestione del sito in riferimento al trattamento dei dati personali degli utenti che lo consultano.Si tratta di un\u2019informativa resa ai sensi del Regolamento UE 2016\/679 del 27 aprile 2016 (GDPR) e dell\u2019art. 13 del d.lgs. n. 196\/2003 \u2013 Codice in materia di protezione dei dati personali \u2013 [&hellip;]\" \/>\n<meta property=\"og:url\" content=\"https:\/\/coralandcameo.com\/it\/privacy-cookie-policy\/\" \/>\n<meta property=\"og:site_name\" content=\"Coral and Cameo\" \/>\n<meta property=\"article:modified_time\" content=\"2022-08-10T08:56:26+00:00\" \/>\n<meta name=\"twitter:card\" content=\"summary_large_image\" \/>\n<meta name=\"twitter:label1\" content=\"Tempo di lettura stimato\" \/>\n\t<meta name=\"twitter:data1\" content=\"12 minuti\" \/>\n<script type=\"application\/ld+json\" class=\"yoast-schema-graph\">{\"@context\":\"https:\\\/\\\/schema.org\",\"@graph\":[{\"@type\":\"WebPage\",\"@id\":\"https:\\\/\\\/coralandcameo.com\\\/it\\\/privacy-cookie-policy\\\/\",\"url\":\"https:\\\/\\\/coralandcameo.com\\\/it\\\/privacy-cookie-policy\\\/\",\"name\":\"Privacy & Cookie Policy - Coral and Cameo\",\"isPartOf\":{\"@id\":\"https:\\\/\\\/coralandcameo.com\\\/it\\\/#website\"},\"datePublished\":\"2019-10-18T16:19:48+00:00\",\"dateModified\":\"2022-08-10T08:56:26+00:00\",\"breadcrumb\":{\"@id\":\"https:\\\/\\\/coralandcameo.com\\\/it\\\/privacy-cookie-policy\\\/#breadcrumb\"},\"inLanguage\":\"it-IT\",\"potentialAction\":[{\"@type\":\"ReadAction\",\"target\":[\"https:\\\/\\\/coralandcameo.com\\\/it\\\/privacy-cookie-policy\\\/\"]}]},{\"@type\":\"BreadcrumbList\",\"@id\":\"https:\\\/\\\/coralandcameo.com\\\/it\\\/privacy-cookie-policy\\\/#breadcrumb\",\"itemListElement\":[{\"@type\":\"ListItem\",\"position\":1,\"name\":\"Home\",\"item\":\"https:\\\/\\\/coralandcameo.com\\\/it\\\/\"},{\"@type\":\"ListItem\",\"position\":2,\"name\":\"Privacy &#038; Cookie Policy\"}]},{\"@type\":\"WebSite\",\"@id\":\"https:\\\/\\\/coralandcameo.com\\\/it\\\/#website\",\"url\":\"https:\\\/\\\/coralandcameo.com\\\/it\\\/\",\"name\":\"Coral and Cameo\",\"description\":\"Il tuo gioiello unico fatto a mano\",\"publisher\":{\"@id\":\"https:\\\/\\\/coralandcameo.com\\\/it\\\/#organization\"},\"potentialAction\":[{\"@type\":\"SearchAction\",\"target\":{\"@type\":\"EntryPoint\",\"urlTemplate\":\"https:\\\/\\\/coralandcameo.com\\\/it\\\/?s={search_term_string}\"},\"query-input\":{\"@type\":\"PropertyValueSpecification\",\"valueRequired\":true,\"valueName\":\"search_term_string\"}}],\"inLanguage\":\"it-IT\"},{\"@type\":\"Organization\",\"@id\":\"https:\\\/\\\/coralandcameo.com\\\/it\\\/#organization\",\"name\":\"Coral and Cameo\",\"url\":\"https:\\\/\\\/coralandcameo.com\\\/it\\\/\",\"logo\":{\"@type\":\"ImageObject\",\"inLanguage\":\"it-IT\",\"@id\":\"https:\\\/\\\/coralandcameo.com\\\/it\\\/#\\\/schema\\\/logo\\\/image\\\/\",\"url\":\"https:\\\/\\\/coralandcameo.com\\\/wp-content\\\/uploads\\\/2020\\\/01\\\/coral-and-cameo.png\",\"contentUrl\":\"https:\\\/\\\/coralandcameo.com\\\/wp-content\\\/uploads\\\/2020\\\/01\\\/coral-and-cameo.png\",\"width\":300,\"height\":314,\"caption\":\"Coral and Cameo\"},\"image\":{\"@id\":\"https:\\\/\\\/coralandcameo.com\\\/it\\\/#\\\/schema\\\/logo\\\/image\\\/\"}}]}<\/script>\n<!-- \/ Yoast SEO plugin. -->","yoast_head_json":{"title":"Privacy & Cookie Policy - Coral and Cameo","robots":{"index":"index","follow":"follow","max-snippet":"max-snippet:-1","max-image-preview":"max-image-preview:large","max-video-preview":"max-video-preview:-1"},"canonical":"https:\/\/coralandcameo.com\/it\/privacy-cookie-policy\/","og_locale":"it_IT","og_type":"article","og_title":"Privacy & Cookie Policy - Coral and Cameo","og_description":"In questa pagina si descrivono le modalit\u00e0 di gestione del sito in riferimento al trattamento dei dati personali degli utenti che lo consultano.Si tratta di un\u2019informativa resa ai sensi del Regolamento UE 2016\/679 del 27 aprile 2016 (GDPR) e dell\u2019art. 13 del d.lgs. n. 196\/2003 \u2013 Codice in materia di protezione dei dati personali \u2013 [&hellip;]","og_url":"https:\/\/coralandcameo.com\/it\/privacy-cookie-policy\/","og_site_name":"Coral and Cameo","article_modified_time":"2022-08-10T08:56:26+00:00","twitter_card":"summary_large_image","twitter_misc":{"Tempo di lettura stimato":"12 minuti"},"schema":{"@context":"https:\/\/schema.org","@graph":[{"@type":"WebPage","@id":"https:\/\/coralandcameo.com\/it\/privacy-cookie-policy\/","url":"https:\/\/coralandcameo.com\/it\/privacy-cookie-policy\/","name":"Privacy & Cookie Policy - Coral and Cameo","isPartOf":{"@id":"https:\/\/coralandcameo.com\/it\/#website"},"datePublished":"2019-10-18T16:19:48+00:00","dateModified":"2022-08-10T08:56:26+00:00","breadcrumb":{"@id":"https:\/\/coralandcameo.com\/it\/privacy-cookie-policy\/#breadcrumb"},"inLanguage":"it-IT","potentialAction":[{"@type":"ReadAction","target":["https:\/\/coralandcameo.com\/it\/privacy-cookie-policy\/"]}]},{"@type":"BreadcrumbList","@id":"https:\/\/coralandcameo.com\/it\/privacy-cookie-policy\/#breadcrumb","itemListElement":[{"@type":"ListItem","position":1,"name":"Home","item":"https:\/\/coralandcameo.com\/it\/"},{"@type":"ListItem","position":2,"name":"Privacy &#038; Cookie Policy"}]},{"@type":"WebSite","@id":"https:\/\/coralandcameo.com\/it\/#website","url":"https:\/\/coralandcameo.com\/it\/","name":"Coral and Cameo","description":"Il tuo gioiello unico fatto a mano","publisher":{"@id":"https:\/\/coralandcameo.com\/it\/#organization"},"potentialAction":[{"@type":"SearchAction","target":{"@type":"EntryPoint","urlTemplate":"https:\/\/coralandcameo.com\/it\/?s={search_term_string}"},"query-input":{"@type":"PropertyValueSpecification","valueRequired":true,"valueName":"search_term_string"}}],"inLanguage":"it-IT"},{"@type":"Organization","@id":"https:\/\/coralandcameo.com\/it\/#organization","name":"Coral and Cameo","url":"https:\/\/coralandcameo.com\/it\/","logo":{"@type":"ImageObject","inLanguage":"it-IT","@id":"https:\/\/coralandcameo.com\/it\/#\/schema\/logo\/image\/","url":"https:\/\/coralandcameo.com\/wp-content\/uploads\/2020\/01\/coral-and-cameo.png","contentUrl":"https:\/\/coralandcameo.com\/wp-content\/uploads\/2020\/01\/coral-and-cameo.png","width":300,"height":314,"caption":"Coral and Cameo"},"image":{"@id":"https:\/\/coralandcameo.com\/it\/#\/schema\/logo\/image\/"}}]}},"_links":{"self":[{"href":"https:\/\/coralandcameo.com\/it\/wp-json\/wp\/v2\/pages\/3","targetHints":{"allow":["GET"]}}],"collection":[{"href":"https:\/\/coralandcameo.com\/it\/wp-json\/wp\/v2\/pages"}],"about":[{"href":"https:\/\/coralandcameo.com\/it\/wp-json\/wp\/v2\/types\/page"}],"author":[{"embeddable":true,"href":"https:\/\/coralandcameo.com\/it\/wp-json\/wp\/v2\/users\/1"}],"replies":[{"embeddable":true,"href":"https:\/\/coralandcameo.com\/it\/wp-json\/wp\/v2\/comments?post=3"}],"version-history":[{"count":9,"href":"https:\/\/coralandcameo.com\/it\/wp-json\/wp\/v2\/pages\/3\/revisions"}],"predecessor-version":[{"id":915,"href":"https:\/\/coralandcameo.com\/it\/wp-json\/wp\/v2\/pages\/3\/revisions\/915"}],"wp:attachment":[{"href":"https:\/\/coralandcameo.com\/it\/wp-json\/wp\/v2\/media?parent=3"}],"curies":[{"name":"wp","href":"https:\/\/api.w.org\/{rel}","templated":true}]}}