{"id":114,"date":"2020-01-25T17:08:44","date_gmt":"2020-01-25T17:08:44","guid":{"rendered":"https:\/\/staging.coralandcameo.com\/?page_id=114"},"modified":"2020-05-28T10:29:36","modified_gmt":"2020-05-28T10:29:36","slug":"corallo","status":"publish","type":"page","link":"https:\/\/coralandcameo.com\/it\/corallo\/","title":{"rendered":"Corallo"},"content":{"rendered":"<h3>CHE COS\u2019\u00c8 IL CORALLO<\/h3>\n<blockquote><p>Il corallo \u00e8 il prodotto di un animale, potremmo quasi dire che \u00e8 la sua casa.<\/p><\/blockquote>\n<p>E\u2019 costituito da colonie di polipetti, che costruiscono intorno al loro corpo molle, tramite secrezioni, una sorta di scheletro. Un\u2019impalcatura di calcare dalla funzione protettiva e di sostegno, che assume, nell\u2019arco di molti anni, la straordinaria forma ramificata di un albero. Le condizioni necessarie perch\u00e9 il corallo proliferi sano e rigoglioso sono tre:<\/p>\n<ul>\n<li>L\u2019assenza d\u2019inquinamento<\/li>\n<li>La presenza di correnti marine<\/li>\n<li>Le temperature costanti dell\u2019acqua<\/li>\n<\/ul>\n<p>Il corallo ha un suo ciclo vitale, come ogni essere in divenire, quindi nasce, cresce, si riproduce ed infine muore. Queste stagioni sono legate indissolubilmente alla vita dei polipetti, ai qual<img fetchpriority=\"high\" decoding=\"async\" class=\" wp-image-239 alignright\" src=\"https:\/\/coralandcameo.com\/wp-content\/uploads\/2020\/02\/corallo-300x194.png\" alt=\"\" width=\"283\" height=\"183\" srcset=\"https:\/\/coralandcameo.com\/wp-content\/uploads\/2020\/02\/corallo-300x194.png 300w, https:\/\/coralandcameo.com\/wp-content\/uploads\/2020\/02\/corallo-1024x662.png 1024w, https:\/\/coralandcameo.com\/wp-content\/uploads\/2020\/02\/corallo-768x497.png 768w, https:\/\/coralandcameo.com\/wp-content\/uploads\/2020\/02\/corallo-1536x994.png 1536w, https:\/\/coralandcameo.com\/wp-content\/uploads\/2020\/02\/corallo-615x398.png 615w, https:\/\/coralandcameo.com\/wp-content\/uploads\/2020\/02\/corallo-560x362.png 560w, https:\/\/coralandcameo.com\/wp-content\/uploads\/2020\/02\/corallo.png 1920w\" sizes=\"(max-width: 283px) 100vw, 283px\" \/>i si deve il suo sviluppo. I piccoli animaletti, nell\u2019arco della loro esistenza, si moltiplicano e dividono diverse volte.Se avvertono una situazione di sovrappopolamento, rilasciano in mare i loro 3 spermatozoi che, trascinati dalle correnti e fecondati, danno vita a larve, che originano altre colonie in altre zone marine. Nel momento in cui al suo interno muoiono le bestiole, come se cadessero le mura di cinta a difendere il castello, dei parassiti s\u2019insinuano all\u2019interno della struttura. Questi parassiti cominciano a scavare delle gallerie nel corallo, come tarli nel legno, fino a renderlo friabile, fragile e non lavorabile una volta pescato.<\/p>\n<p>Mi piace paragonare la pesca sostenibile del corallo all&#8217;andar per funghi: i rami si trovano a famigliole e si selezionano solo i migliori e pi\u00f9 buoni lasciando crescere quelli piccoli.<\/p>\n<h3>COME SI PESCA<\/h3>\n<p>Il corallo, fin dai tempi della civilt\u00e0 greca, nel mediterraneo, \u00e8 stato pescato con reti, tramite una tecnica che potremmo definire a strascico e prevedeva lo strappo quasi al tappeto dagli scogli (il famigerato &#8220;ingegno&#8221;)<img decoding=\"async\" class=\"wp-image-247 alignleft\" src=\"https:\/\/coralandcameo.com\/wp-content\/uploads\/2020\/02\/coralli-300x196.png\" alt=\"\" width=\"332\" height=\"217\" srcset=\"https:\/\/coralandcameo.com\/wp-content\/uploads\/2020\/02\/coralli-300x196.png 300w, https:\/\/coralandcameo.com\/wp-content\/uploads\/2020\/02\/coralli-768x502.png 768w, https:\/\/coralandcameo.com\/wp-content\/uploads\/2020\/02\/coralli-615x402.png 615w, https:\/\/coralandcameo.com\/wp-content\/uploads\/2020\/02\/coralli-560x366.png 560w, https:\/\/coralandcameo.com\/wp-content\/uploads\/2020\/02\/coralli.png 774w\" sizes=\"(max-width: 332px) 100vw, 332px\" \/><\/p>\n<p>Tale metodologia \u00e8 stata bandita ufficialmente, in tempi recenti, dalla Comunit\u00e0 Europea. Da allora, la pesca del corallo \u00e8 ad opera di sommozzatori particolarmente 4 esperti che, grazie anche all\u2019ausilio di tecnologie sofisticate, riescono a scendere a profondit\u00e0 considerevoli: spesso oltre i 100 metri. Si pu\u00f2 dire che una pesca subacquea responsabile come quella attuale sia un toccasana per l\u2019ecosistema e che fa s\u00ec che il corallo sia raccolto prima che inizi la sua fase distruttiva, morendo, diciamo, per cause naturali. La pesca dei sub \u00e8, infatti, molto selettiva; il \u201ccorallaro\u201d, che si cala in mare, ne individua il banco, ma non ne fa incetta in maniera indiscriminata; raccoglie solo gli esemplari pi\u00f9 grandi, sani e di valore economico elevato, lasciando quelli piccoli e aspettando che crescano negli anni successivi. Come un buon contadino, che sfrutta il terreno a rotazione e lascia a maggese un campo per restituirgli fertilit\u00e0, cos\u00ec il pescatore lascia a riposo una porzione di fondale per dar modo e tempo al corallo di crescere e svilupparsi bene. La pesca antica, troppo massiva, ha portato in parte, nell\u2019area mediterranea, a danni consistenti all\u2019ambiente e al generale momentaneo scarseggiare di materia prima. Se da un lato l\u2019espediente delle incursioni subacquee ha giovato alla natura, c\u2019\u00e8 per contro da tener conto della pericolosit\u00e0 del mestiere di \u201cdiver\u201d e del fatto che la pesca coi sommozzatori \u00e8 infinitamente pi\u00f9 dispendiosa in termini di tempo.<\/p>\n<h3>Coralli montati su Argento e Oro<\/h3>\n<p><img decoding=\"async\" class=\"wp-image-197 alignleft\" src=\"https:\/\/coralandcameo.com\/wp-content\/uploads\/2020\/02\/categoria-coralli-oro-300x300.jpg\" alt=\"\" width=\"218\" height=\"218\" srcset=\"https:\/\/coralandcameo.com\/wp-content\/uploads\/2020\/02\/categoria-coralli-oro-300x300.jpg 300w, https:\/\/coralandcameo.com\/wp-content\/uploads\/2020\/02\/categoria-coralli-oro-1024x1024.jpg 1024w, https:\/\/coralandcameo.com\/wp-content\/uploads\/2020\/02\/categoria-coralli-oro-150x150.jpg 150w, https:\/\/coralandcameo.com\/wp-content\/uploads\/2020\/02\/categoria-coralli-oro-768x768.jpg 768w, https:\/\/coralandcameo.com\/wp-content\/uploads\/2020\/02\/categoria-coralli-oro-1536x1536.jpg 1536w, https:\/\/coralandcameo.com\/wp-content\/uploads\/2020\/02\/categoria-coralli-oro-615x615.jpg 615w, https:\/\/coralandcameo.com\/wp-content\/uploads\/2020\/02\/categoria-coralli-oro-510x510.jpg 510w, https:\/\/coralandcameo.com\/wp-content\/uploads\/2020\/02\/categoria-coralli-oro-200x200.jpg 200w, https:\/\/coralandcameo.com\/wp-content\/uploads\/2020\/02\/categoria-coralli-oro-750x750.jpg 750w, https:\/\/coralandcameo.com\/wp-content\/uploads\/2020\/02\/categoria-coralli-oro-560x560.jpg 560w, https:\/\/coralandcameo.com\/wp-content\/uploads\/2020\/02\/categoria-coralli-oro.jpg 1920w\" sizes=\"(max-width: 218px) 100vw, 218px\" \/>Vendita Online di Coralli montati su oro e argento: Coral and Cameo ad Amalfi dal 1940 offre una vastissima scelta di coralli\u00a0 i Ciondoli, spille, anelli, orecchini, gemelli e sono montati in oro 18 Kt. e argento 925% .<\/p>\n<p>CoralandCameo \u00e8 in grado di creare il vostro Corallo su misura.<\/p>\n","protected":false},"excerpt":{"rendered":"<p>CHE COS\u2019\u00c8 IL CORALLO Il corallo \u00e8 il prodotto di un animale, potremmo quasi dire che \u00e8 la sua casa. E\u2019 costituito da colonie di polipetti, che costruiscono intorno al loro corpo molle, tramite secrezioni, una sorta di scheletro. Un\u2019impalcatura di calcare dalla funzione protettiva e di sostegno, che assume, nell\u2019arco di molti anni, la [&hellip;]<\/p>\n","protected":false},"author":1,"featured_media":0,"parent":0,"menu_order":0,"comment_status":"closed","ping_status":"closed","template":"","meta":{"footnotes":""},"class_list":["post-114","page","type-page","status-publish","hentry"],"yoast_head":"<!-- This site is optimized with the Yoast SEO plugin v27.3 - https:\/\/yoast.com\/product\/yoast-seo-wordpress\/ -->\n<title>Corallo - Coral and Cameo<\/title>\n<meta name=\"robots\" content=\"index, follow, max-snippet:-1, max-image-preview:large, max-video-preview:-1\" \/>\n<link rel=\"canonical\" href=\"https:\/\/coralandcameo.com\/it\/corallo\/\" \/>\n<meta property=\"og:locale\" content=\"it_IT\" \/>\n<meta property=\"og:type\" content=\"article\" \/>\n<meta property=\"og:title\" content=\"Corallo - Coral and Cameo\" \/>\n<meta property=\"og:description\" content=\"CHE COS\u2019\u00c8 IL CORALLO Il corallo \u00e8 il prodotto di un animale, potremmo quasi dire che \u00e8 la sua casa. E\u2019 costituito da colonie di polipetti, che costruiscono intorno al loro corpo molle, tramite secrezioni, una sorta di scheletro. Un\u2019impalcatura di calcare dalla funzione protettiva e di sostegno, che assume, nell\u2019arco di molti anni, la [&hellip;]\" \/>\n<meta property=\"og:url\" content=\"https:\/\/coralandcameo.com\/it\/corallo\/\" \/>\n<meta property=\"og:site_name\" content=\"Coral and Cameo\" \/>\n<meta property=\"article:modified_time\" content=\"2020-05-28T10:29:36+00:00\" \/>\n<meta property=\"og:image\" content=\"https:\/\/coralandcameo.com\/wp-content\/uploads\/2020\/02\/corallo-300x194.png\" \/>\n<meta name=\"twitter:card\" content=\"summary_large_image\" \/>\n<meta name=\"twitter:label1\" content=\"Tempo di lettura stimato\" \/>\n\t<meta name=\"twitter:data1\" content=\"3 minuti\" \/>\n<script type=\"application\/ld+json\" class=\"yoast-schema-graph\">{\"@context\":\"https:\\\/\\\/schema.org\",\"@graph\":[{\"@type\":\"WebPage\",\"@id\":\"https:\\\/\\\/coralandcameo.com\\\/it\\\/corallo\\\/\",\"url\":\"https:\\\/\\\/coralandcameo.com\\\/it\\\/corallo\\\/\",\"name\":\"Corallo - Coral and Cameo\",\"isPartOf\":{\"@id\":\"https:\\\/\\\/coralandcameo.com\\\/it\\\/#website\"},\"primaryImageOfPage\":{\"@id\":\"https:\\\/\\\/coralandcameo.com\\\/it\\\/corallo\\\/#primaryimage\"},\"image\":{\"@id\":\"https:\\\/\\\/coralandcameo.com\\\/it\\\/corallo\\\/#primaryimage\"},\"thumbnailUrl\":\"https:\\\/\\\/coralandcameo.com\\\/wp-content\\\/uploads\\\/2020\\\/02\\\/corallo-300x194.png\",\"datePublished\":\"2020-01-25T17:08:44+00:00\",\"dateModified\":\"2020-05-28T10:29:36+00:00\",\"breadcrumb\":{\"@id\":\"https:\\\/\\\/coralandcameo.com\\\/it\\\/corallo\\\/#breadcrumb\"},\"inLanguage\":\"it-IT\",\"potentialAction\":[{\"@type\":\"ReadAction\",\"target\":[\"https:\\\/\\\/coralandcameo.com\\\/it\\\/corallo\\\/\"]}]},{\"@type\":\"ImageObject\",\"inLanguage\":\"it-IT\",\"@id\":\"https:\\\/\\\/coralandcameo.com\\\/it\\\/corallo\\\/#primaryimage\",\"url\":\"https:\\\/\\\/coralandcameo.com\\\/wp-content\\\/uploads\\\/2020\\\/02\\\/corallo-300x194.png\",\"contentUrl\":\"https:\\\/\\\/coralandcameo.com\\\/wp-content\\\/uploads\\\/2020\\\/02\\\/corallo-300x194.png\"},{\"@type\":\"BreadcrumbList\",\"@id\":\"https:\\\/\\\/coralandcameo.com\\\/it\\\/corallo\\\/#breadcrumb\",\"itemListElement\":[{\"@type\":\"ListItem\",\"position\":1,\"name\":\"Home\",\"item\":\"https:\\\/\\\/coralandcameo.com\\\/it\\\/\"},{\"@type\":\"ListItem\",\"position\":2,\"name\":\"Corallo\"}]},{\"@type\":\"WebSite\",\"@id\":\"https:\\\/\\\/coralandcameo.com\\\/it\\\/#website\",\"url\":\"https:\\\/\\\/coralandcameo.com\\\/it\\\/\",\"name\":\"Coral and Cameo\",\"description\":\"Il tuo gioiello unico fatto a mano\",\"publisher\":{\"@id\":\"https:\\\/\\\/coralandcameo.com\\\/it\\\/#organization\"},\"potentialAction\":[{\"@type\":\"SearchAction\",\"target\":{\"@type\":\"EntryPoint\",\"urlTemplate\":\"https:\\\/\\\/coralandcameo.com\\\/it\\\/?s={search_term_string}\"},\"query-input\":{\"@type\":\"PropertyValueSpecification\",\"valueRequired\":true,\"valueName\":\"search_term_string\"}}],\"inLanguage\":\"it-IT\"},{\"@type\":\"Organization\",\"@id\":\"https:\\\/\\\/coralandcameo.com\\\/it\\\/#organization\",\"name\":\"Coral and Cameo\",\"url\":\"https:\\\/\\\/coralandcameo.com\\\/it\\\/\",\"logo\":{\"@type\":\"ImageObject\",\"inLanguage\":\"it-IT\",\"@id\":\"https:\\\/\\\/coralandcameo.com\\\/it\\\/#\\\/schema\\\/logo\\\/image\\\/\",\"url\":\"https:\\\/\\\/coralandcameo.com\\\/wp-content\\\/uploads\\\/2020\\\/01\\\/coral-and-cameo.png\",\"contentUrl\":\"https:\\\/\\\/coralandcameo.com\\\/wp-content\\\/uploads\\\/2020\\\/01\\\/coral-and-cameo.png\",\"width\":300,\"height\":314,\"caption\":\"Coral and Cameo\"},\"image\":{\"@id\":\"https:\\\/\\\/coralandcameo.com\\\/it\\\/#\\\/schema\\\/logo\\\/image\\\/\"}}]}<\/script>\n<!-- \/ Yoast SEO plugin. -->","yoast_head_json":{"title":"Corallo - Coral and Cameo","robots":{"index":"index","follow":"follow","max-snippet":"max-snippet:-1","max-image-preview":"max-image-preview:large","max-video-preview":"max-video-preview:-1"},"canonical":"https:\/\/coralandcameo.com\/it\/corallo\/","og_locale":"it_IT","og_type":"article","og_title":"Corallo - Coral and Cameo","og_description":"CHE COS\u2019\u00c8 IL CORALLO Il corallo \u00e8 il prodotto di un animale, potremmo quasi dire che \u00e8 la sua casa. E\u2019 costituito da colonie di polipetti, che costruiscono intorno al loro corpo molle, tramite secrezioni, una sorta di scheletro. Un\u2019impalcatura di calcare dalla funzione protettiva e di sostegno, che assume, nell\u2019arco di molti anni, la [&hellip;]","og_url":"https:\/\/coralandcameo.com\/it\/corallo\/","og_site_name":"Coral and Cameo","article_modified_time":"2020-05-28T10:29:36+00:00","og_image":[{"url":"https:\/\/coralandcameo.com\/wp-content\/uploads\/2020\/02\/corallo-300x194.png","type":"","width":"","height":""}],"twitter_card":"summary_large_image","twitter_misc":{"Tempo di lettura stimato":"3 minuti"},"schema":{"@context":"https:\/\/schema.org","@graph":[{"@type":"WebPage","@id":"https:\/\/coralandcameo.com\/it\/corallo\/","url":"https:\/\/coralandcameo.com\/it\/corallo\/","name":"Corallo - Coral and Cameo","isPartOf":{"@id":"https:\/\/coralandcameo.com\/it\/#website"},"primaryImageOfPage":{"@id":"https:\/\/coralandcameo.com\/it\/corallo\/#primaryimage"},"image":{"@id":"https:\/\/coralandcameo.com\/it\/corallo\/#primaryimage"},"thumbnailUrl":"https:\/\/coralandcameo.com\/wp-content\/uploads\/2020\/02\/corallo-300x194.png","datePublished":"2020-01-25T17:08:44+00:00","dateModified":"2020-05-28T10:29:36+00:00","breadcrumb":{"@id":"https:\/\/coralandcameo.com\/it\/corallo\/#breadcrumb"},"inLanguage":"it-IT","potentialAction":[{"@type":"ReadAction","target":["https:\/\/coralandcameo.com\/it\/corallo\/"]}]},{"@type":"ImageObject","inLanguage":"it-IT","@id":"https:\/\/coralandcameo.com\/it\/corallo\/#primaryimage","url":"https:\/\/coralandcameo.com\/wp-content\/uploads\/2020\/02\/corallo-300x194.png","contentUrl":"https:\/\/coralandcameo.com\/wp-content\/uploads\/2020\/02\/corallo-300x194.png"},{"@type":"BreadcrumbList","@id":"https:\/\/coralandcameo.com\/it\/corallo\/#breadcrumb","itemListElement":[{"@type":"ListItem","position":1,"name":"Home","item":"https:\/\/coralandcameo.com\/it\/"},{"@type":"ListItem","position":2,"name":"Corallo"}]},{"@type":"WebSite","@id":"https:\/\/coralandcameo.com\/it\/#website","url":"https:\/\/coralandcameo.com\/it\/","name":"Coral and Cameo","description":"Il tuo gioiello unico fatto a mano","publisher":{"@id":"https:\/\/coralandcameo.com\/it\/#organization"},"potentialAction":[{"@type":"SearchAction","target":{"@type":"EntryPoint","urlTemplate":"https:\/\/coralandcameo.com\/it\/?s={search_term_string}"},"query-input":{"@type":"PropertyValueSpecification","valueRequired":true,"valueName":"search_term_string"}}],"inLanguage":"it-IT"},{"@type":"Organization","@id":"https:\/\/coralandcameo.com\/it\/#organization","name":"Coral and Cameo","url":"https:\/\/coralandcameo.com\/it\/","logo":{"@type":"ImageObject","inLanguage":"it-IT","@id":"https:\/\/coralandcameo.com\/it\/#\/schema\/logo\/image\/","url":"https:\/\/coralandcameo.com\/wp-content\/uploads\/2020\/01\/coral-and-cameo.png","contentUrl":"https:\/\/coralandcameo.com\/wp-content\/uploads\/2020\/01\/coral-and-cameo.png","width":300,"height":314,"caption":"Coral and Cameo"},"image":{"@id":"https:\/\/coralandcameo.com\/it\/#\/schema\/logo\/image\/"}}]}},"_links":{"self":[{"href":"https:\/\/coralandcameo.com\/it\/wp-json\/wp\/v2\/pages\/114","targetHints":{"allow":["GET"]}}],"collection":[{"href":"https:\/\/coralandcameo.com\/it\/wp-json\/wp\/v2\/pages"}],"about":[{"href":"https:\/\/coralandcameo.com\/it\/wp-json\/wp\/v2\/types\/page"}],"author":[{"embeddable":true,"href":"https:\/\/coralandcameo.com\/it\/wp-json\/wp\/v2\/users\/1"}],"replies":[{"embeddable":true,"href":"https:\/\/coralandcameo.com\/it\/wp-json\/wp\/v2\/comments?post=114"}],"version-history":[{"count":13,"href":"https:\/\/coralandcameo.com\/it\/wp-json\/wp\/v2\/pages\/114\/revisions"}],"predecessor-version":[{"id":708,"href":"https:\/\/coralandcameo.com\/it\/wp-json\/wp\/v2\/pages\/114\/revisions\/708"}],"wp:attachment":[{"href":"https:\/\/coralandcameo.com\/it\/wp-json\/wp\/v2\/media?parent=114"}],"curies":[{"name":"wp","href":"https:\/\/api.w.org\/{rel}","templated":true}]}}