{"id":105,"date":"2020-01-25T14:22:25","date_gmt":"2020-01-25T14:22:25","guid":{"rendered":"https:\/\/staging.coralandcameo.com\/?page_id=105"},"modified":"2020-05-28T09:18:56","modified_gmt":"2020-05-28T09:18:56","slug":"cammeo","status":"publish","type":"page","link":"https:\/\/coralandcameo.com\/it\/cammeo\/","title":{"rendered":"Cammeo"},"content":{"rendered":"<h3>CHE COSA \u00c8 UN CAMMEO?<\/h3>\n<blockquote><p>\u201cPer cammeo pi\u00f9 che un oggetto si intende un tipo di lavorazione: la lavorazione a cammeo. Si incide una pietra, una conchiglia, un corallo sfruttando la natura della materia prima facendone risaltare le particolarit\u00e0 creando un bassorilievo o perch\u00e9 no un altorilievo\u201d.<\/p><\/blockquote>\n<p>Lo so vi sembrer\u00e0 una descrizione vaga, ma per forza di cose essendo una definizione deve essere onnicomprensiva.<\/p>\n<p>1) I materiali usati possono essere molteplici: dalle conchiglie al corallo, dall\u2019avorio alle pietre<\/p>\n<p>2) Non tutti i cammei presentano colori distinti in vari livelli, cio\u00e8 non tutti i cammei sfruttano le differenze cromatiche del materiale sul quale vengono lavorati, come vedremo pi\u00f9 avanti.<\/p>\n<p>3) Non tutti i cammei sono altorilievi, alcuni sono bassorilievi (i sigilli e gli intagli ad esempio)<\/p>\n<p>&nbsp;<\/p>\n<h3>LE CONCHIGLIE<\/h3>\n<p>La maggior parte dei cammei autentici \u00e8 incisa su conchiglia.<a href=\"https:\/\/coralandcameo.com\/wp-content\/uploads\/2020\/02\/annalisa-8.jpg\" data-lightbox=\"gal[105]\"><img fetchpriority=\"high\" decoding=\"async\" class=\"alignright wp-image-227 \" src=\"https:\/\/coralandcameo.com\/wp-content\/uploads\/2020\/02\/annalisa-8-225x300.jpg\" alt=\"\" width=\"208\" height=\"277\" srcset=\"https:\/\/coralandcameo.com\/wp-content\/uploads\/2020\/02\/annalisa-8-225x300.jpg 225w, https:\/\/coralandcameo.com\/wp-content\/uploads\/2020\/02\/annalisa-8-768x1024.jpg 768w, https:\/\/coralandcameo.com\/wp-content\/uploads\/2020\/02\/annalisa-8-1152x1536.jpg 1152w, https:\/\/coralandcameo.com\/wp-content\/uploads\/2020\/02\/annalisa-8-1536x2048.jpg 1536w, https:\/\/coralandcameo.com\/wp-content\/uploads\/2020\/02\/annalisa-8-615x820.jpg 615w, https:\/\/coralandcameo.com\/wp-content\/uploads\/2020\/02\/annalisa-8-560x747.jpg 560w, https:\/\/coralandcameo.com\/wp-content\/uploads\/2020\/02\/annalisa-8.jpg 1920w\" sizes=\"(max-width: 208px) 100vw, 208px\" \/><\/a><br \/>\nLa conchiglia CORNIOLA (Cyprecassis Rufa) ha due livelli: uno bianco e uno rosso. Da questa conchiglia viene incisa e levata la parte bianca fino a raggiungere il livello sottostante rosso, creando una differenza cromatica che esalta tridimensionalit\u00e0 e contrasto. Ecco qui un punto cruciale: il materiale \u00e8 solo conchiglia, non un&#8217;applicazione bianca su una base rossa: vengono solo sfruttati i 2 diversi livelli cromatici per creare un effetto tridimensionale. Questa \u00e8 la risposta a una delle domande che mi viene rivolta pi\u00f9 spesso (NO, non \u00e8 un&#8217;applicazione di una lastra di avorio su una base di corallo).<br \/>\nLa conchiglia SARDONICA (Cassis Madascarensis) di colorazione marrone presenta caratteristiche analoghe alla precedente, consentendo un maggior contrasto (bianco e marrone scuro) e quindi un maggiore effetto prospettico.<br \/>\nAltre conchiglie che vengono usate pi\u00f9 raramente, ma molto amate dagli intenditori e dai collezionisti: CORALLINA, TIGRINA, MADREPERLA<\/p>\n<p>&nbsp;<\/p>\n<h3>CAMMEI ARGENTO E ORO<\/h3>\n<h4>Vendita Online di Cammei montati su oro e argento<\/h4>\n<p>Coral and Ca<a href=\"https:\/\/coralandcameo.com\/wp-content\/uploads\/2020\/02\/annalisa-7.jpg\" data-lightbox=\"gal[105]\"><img decoding=\"async\" class=\"alignleft wp-image-231 size-medium\" src=\"https:\/\/coralandcameo.com\/wp-content\/uploads\/2020\/02\/annalisa-7-300x200.jpg\" alt=\"\" width=\"300\" height=\"200\" srcset=\"https:\/\/coralandcameo.com\/wp-content\/uploads\/2020\/02\/annalisa-7-300x200.jpg 300w, https:\/\/coralandcameo.com\/wp-content\/uploads\/2020\/02\/annalisa-7-1024x683.jpg 1024w, https:\/\/coralandcameo.com\/wp-content\/uploads\/2020\/02\/annalisa-7-768x512.jpg 768w, https:\/\/coralandcameo.com\/wp-content\/uploads\/2020\/02\/annalisa-7-1536x1024.jpg 1536w, https:\/\/coralandcameo.com\/wp-content\/uploads\/2020\/02\/annalisa-7-615x410.jpg 615w, https:\/\/coralandcameo.com\/wp-content\/uploads\/2020\/02\/annalisa-7-560x373.jpg 560w, https:\/\/coralandcameo.com\/wp-content\/uploads\/2020\/02\/annalisa-7.jpg 1920w\" sizes=\"(max-width: 300px) 100vw, 300px\" \/><\/a>meo ad Amalfi dal 1940 offre una vastissima scelta di cammei incisi a mano in conchiglia Corniola e\u00a0 Sardonica.<br \/>\nCiondoli, spille, anelli, orecchini, gemelli e sono montati in oro 18 Kt. e argento 925% .<br \/>\nCammei antichi e vintage sono la nostra specialit\u00e0, poich\u00e9 da pi\u00f9 di 80 anni creiamo il vero intaglio italiano rigorosamente inciso a mano, ispirato all&#8217;antica arte rinascimentale: le tre grazie di Botticelli o la nascita di Venere, pietre miliari della nostra cultura, sono rigorosamente fatti con amore in Italia usando le antiche tecniche glittiche. La montatura o cornice stessa dei cammei \u00e8 anche essa eseguita esclusivamente a mano rendendo ogni prodotto unico e originale. CoralandCameo \u00e8 in grado di creare il vostro cammeo su misura.<\/p>\n","protected":false},"excerpt":{"rendered":"<p>CHE COSA \u00c8 UN CAMMEO? \u201cPer cammeo pi\u00f9 che un oggetto si intende un tipo di lavorazione: la lavorazione a cammeo. Si incide una pietra, una conchiglia, un corallo sfruttando la natura della materia prima facendone risaltare le particolarit\u00e0 creando un bassorilievo o perch\u00e9 no un altorilievo\u201d. Lo so vi sembrer\u00e0 una descrizione vaga, ma [&hellip;]<\/p>\n","protected":false},"author":1,"featured_media":0,"parent":0,"menu_order":0,"comment_status":"closed","ping_status":"closed","template":"","meta":{"footnotes":""},"class_list":["post-105","page","type-page","status-publish","hentry"],"yoast_head":"<!-- This site is optimized with the Yoast SEO plugin v27.3 - https:\/\/yoast.com\/product\/yoast-seo-wordpress\/ -->\n<title>Cammeo - Coral and Cameo<\/title>\n<meta name=\"robots\" content=\"index, follow, max-snippet:-1, max-image-preview:large, max-video-preview:-1\" \/>\n<link rel=\"canonical\" href=\"https:\/\/coralandcameo.com\/it\/cammeo\/\" \/>\n<meta property=\"og:locale\" content=\"it_IT\" \/>\n<meta property=\"og:type\" content=\"article\" \/>\n<meta property=\"og:title\" content=\"Cammeo - Coral and Cameo\" \/>\n<meta property=\"og:description\" content=\"CHE COSA \u00c8 UN CAMMEO? \u201cPer cammeo pi\u00f9 che un oggetto si intende un tipo di lavorazione: la lavorazione a cammeo. Si incide una pietra, una conchiglia, un corallo sfruttando la natura della materia prima facendone risaltare le particolarit\u00e0 creando un bassorilievo o perch\u00e9 no un altorilievo\u201d. Lo so vi sembrer\u00e0 una descrizione vaga, ma [&hellip;]\" \/>\n<meta property=\"og:url\" content=\"https:\/\/coralandcameo.com\/it\/cammeo\/\" \/>\n<meta property=\"og:site_name\" content=\"Coral and Cameo\" \/>\n<meta property=\"article:modified_time\" content=\"2020-05-28T09:18:56+00:00\" \/>\n<meta property=\"og:image\" content=\"https:\/\/coralandcameo.com\/wp-content\/uploads\/2020\/02\/annalisa-8-225x300.jpg\" \/>\n<meta name=\"twitter:card\" content=\"summary_large_image\" \/>\n<meta name=\"twitter:label1\" content=\"Tempo di lettura stimato\" \/>\n\t<meta name=\"twitter:data1\" content=\"2 minuti\" \/>\n<script type=\"application\/ld+json\" class=\"yoast-schema-graph\">{\"@context\":\"https:\\\/\\\/schema.org\",\"@graph\":[{\"@type\":\"WebPage\",\"@id\":\"https:\\\/\\\/coralandcameo.com\\\/it\\\/cammeo\\\/\",\"url\":\"https:\\\/\\\/coralandcameo.com\\\/it\\\/cammeo\\\/\",\"name\":\"Cammeo - Coral and Cameo\",\"isPartOf\":{\"@id\":\"https:\\\/\\\/coralandcameo.com\\\/it\\\/#website\"},\"primaryImageOfPage\":{\"@id\":\"https:\\\/\\\/coralandcameo.com\\\/it\\\/cammeo\\\/#primaryimage\"},\"image\":{\"@id\":\"https:\\\/\\\/coralandcameo.com\\\/it\\\/cammeo\\\/#primaryimage\"},\"thumbnailUrl\":\"https:\\\/\\\/coralandcameo.com\\\/wp-content\\\/uploads\\\/2020\\\/02\\\/annalisa-8-225x300.jpg\",\"datePublished\":\"2020-01-25T14:22:25+00:00\",\"dateModified\":\"2020-05-28T09:18:56+00:00\",\"breadcrumb\":{\"@id\":\"https:\\\/\\\/coralandcameo.com\\\/it\\\/cammeo\\\/#breadcrumb\"},\"inLanguage\":\"it-IT\",\"potentialAction\":[{\"@type\":\"ReadAction\",\"target\":[\"https:\\\/\\\/coralandcameo.com\\\/it\\\/cammeo\\\/\"]}]},{\"@type\":\"ImageObject\",\"inLanguage\":\"it-IT\",\"@id\":\"https:\\\/\\\/coralandcameo.com\\\/it\\\/cammeo\\\/#primaryimage\",\"url\":\"https:\\\/\\\/coralandcameo.com\\\/wp-content\\\/uploads\\\/2020\\\/02\\\/annalisa-8-225x300.jpg\",\"contentUrl\":\"https:\\\/\\\/coralandcameo.com\\\/wp-content\\\/uploads\\\/2020\\\/02\\\/annalisa-8-225x300.jpg\"},{\"@type\":\"BreadcrumbList\",\"@id\":\"https:\\\/\\\/coralandcameo.com\\\/it\\\/cammeo\\\/#breadcrumb\",\"itemListElement\":[{\"@type\":\"ListItem\",\"position\":1,\"name\":\"Home\",\"item\":\"https:\\\/\\\/coralandcameo.com\\\/it\\\/\"},{\"@type\":\"ListItem\",\"position\":2,\"name\":\"Cammeo\"}]},{\"@type\":\"WebSite\",\"@id\":\"https:\\\/\\\/coralandcameo.com\\\/it\\\/#website\",\"url\":\"https:\\\/\\\/coralandcameo.com\\\/it\\\/\",\"name\":\"Coral and Cameo\",\"description\":\"Il tuo gioiello unico fatto a mano\",\"publisher\":{\"@id\":\"https:\\\/\\\/coralandcameo.com\\\/it\\\/#organization\"},\"potentialAction\":[{\"@type\":\"SearchAction\",\"target\":{\"@type\":\"EntryPoint\",\"urlTemplate\":\"https:\\\/\\\/coralandcameo.com\\\/it\\\/?s={search_term_string}\"},\"query-input\":{\"@type\":\"PropertyValueSpecification\",\"valueRequired\":true,\"valueName\":\"search_term_string\"}}],\"inLanguage\":\"it-IT\"},{\"@type\":\"Organization\",\"@id\":\"https:\\\/\\\/coralandcameo.com\\\/it\\\/#organization\",\"name\":\"Coral and Cameo\",\"url\":\"https:\\\/\\\/coralandcameo.com\\\/it\\\/\",\"logo\":{\"@type\":\"ImageObject\",\"inLanguage\":\"it-IT\",\"@id\":\"https:\\\/\\\/coralandcameo.com\\\/it\\\/#\\\/schema\\\/logo\\\/image\\\/\",\"url\":\"https:\\\/\\\/coralandcameo.com\\\/wp-content\\\/uploads\\\/2020\\\/01\\\/coral-and-cameo.png\",\"contentUrl\":\"https:\\\/\\\/coralandcameo.com\\\/wp-content\\\/uploads\\\/2020\\\/01\\\/coral-and-cameo.png\",\"width\":300,\"height\":314,\"caption\":\"Coral and Cameo\"},\"image\":{\"@id\":\"https:\\\/\\\/coralandcameo.com\\\/it\\\/#\\\/schema\\\/logo\\\/image\\\/\"}}]}<\/script>\n<!-- \/ Yoast SEO plugin. -->","yoast_head_json":{"title":"Cammeo - Coral and Cameo","robots":{"index":"index","follow":"follow","max-snippet":"max-snippet:-1","max-image-preview":"max-image-preview:large","max-video-preview":"max-video-preview:-1"},"canonical":"https:\/\/coralandcameo.com\/it\/cammeo\/","og_locale":"it_IT","og_type":"article","og_title":"Cammeo - Coral and Cameo","og_description":"CHE COSA \u00c8 UN CAMMEO? \u201cPer cammeo pi\u00f9 che un oggetto si intende un tipo di lavorazione: la lavorazione a cammeo. Si incide una pietra, una conchiglia, un corallo sfruttando la natura della materia prima facendone risaltare le particolarit\u00e0 creando un bassorilievo o perch\u00e9 no un altorilievo\u201d. Lo so vi sembrer\u00e0 una descrizione vaga, ma [&hellip;]","og_url":"https:\/\/coralandcameo.com\/it\/cammeo\/","og_site_name":"Coral and Cameo","article_modified_time":"2020-05-28T09:18:56+00:00","og_image":[{"url":"https:\/\/coralandcameo.com\/wp-content\/uploads\/2020\/02\/annalisa-8-225x300.jpg","type":"","width":"","height":""}],"twitter_card":"summary_large_image","twitter_misc":{"Tempo di lettura stimato":"2 minuti"},"schema":{"@context":"https:\/\/schema.org","@graph":[{"@type":"WebPage","@id":"https:\/\/coralandcameo.com\/it\/cammeo\/","url":"https:\/\/coralandcameo.com\/it\/cammeo\/","name":"Cammeo - Coral and Cameo","isPartOf":{"@id":"https:\/\/coralandcameo.com\/it\/#website"},"primaryImageOfPage":{"@id":"https:\/\/coralandcameo.com\/it\/cammeo\/#primaryimage"},"image":{"@id":"https:\/\/coralandcameo.com\/it\/cammeo\/#primaryimage"},"thumbnailUrl":"https:\/\/coralandcameo.com\/wp-content\/uploads\/2020\/02\/annalisa-8-225x300.jpg","datePublished":"2020-01-25T14:22:25+00:00","dateModified":"2020-05-28T09:18:56+00:00","breadcrumb":{"@id":"https:\/\/coralandcameo.com\/it\/cammeo\/#breadcrumb"},"inLanguage":"it-IT","potentialAction":[{"@type":"ReadAction","target":["https:\/\/coralandcameo.com\/it\/cammeo\/"]}]},{"@type":"ImageObject","inLanguage":"it-IT","@id":"https:\/\/coralandcameo.com\/it\/cammeo\/#primaryimage","url":"https:\/\/coralandcameo.com\/wp-content\/uploads\/2020\/02\/annalisa-8-225x300.jpg","contentUrl":"https:\/\/coralandcameo.com\/wp-content\/uploads\/2020\/02\/annalisa-8-225x300.jpg"},{"@type":"BreadcrumbList","@id":"https:\/\/coralandcameo.com\/it\/cammeo\/#breadcrumb","itemListElement":[{"@type":"ListItem","position":1,"name":"Home","item":"https:\/\/coralandcameo.com\/it\/"},{"@type":"ListItem","position":2,"name":"Cammeo"}]},{"@type":"WebSite","@id":"https:\/\/coralandcameo.com\/it\/#website","url":"https:\/\/coralandcameo.com\/it\/","name":"Coral and Cameo","description":"Il tuo gioiello unico fatto a mano","publisher":{"@id":"https:\/\/coralandcameo.com\/it\/#organization"},"potentialAction":[{"@type":"SearchAction","target":{"@type":"EntryPoint","urlTemplate":"https:\/\/coralandcameo.com\/it\/?s={search_term_string}"},"query-input":{"@type":"PropertyValueSpecification","valueRequired":true,"valueName":"search_term_string"}}],"inLanguage":"it-IT"},{"@type":"Organization","@id":"https:\/\/coralandcameo.com\/it\/#organization","name":"Coral and Cameo","url":"https:\/\/coralandcameo.com\/it\/","logo":{"@type":"ImageObject","inLanguage":"it-IT","@id":"https:\/\/coralandcameo.com\/it\/#\/schema\/logo\/image\/","url":"https:\/\/coralandcameo.com\/wp-content\/uploads\/2020\/01\/coral-and-cameo.png","contentUrl":"https:\/\/coralandcameo.com\/wp-content\/uploads\/2020\/01\/coral-and-cameo.png","width":300,"height":314,"caption":"Coral and Cameo"},"image":{"@id":"https:\/\/coralandcameo.com\/it\/#\/schema\/logo\/image\/"}}]}},"_links":{"self":[{"href":"https:\/\/coralandcameo.com\/it\/wp-json\/wp\/v2\/pages\/105","targetHints":{"allow":["GET"]}}],"collection":[{"href":"https:\/\/coralandcameo.com\/it\/wp-json\/wp\/v2\/pages"}],"about":[{"href":"https:\/\/coralandcameo.com\/it\/wp-json\/wp\/v2\/types\/page"}],"author":[{"embeddable":true,"href":"https:\/\/coralandcameo.com\/it\/wp-json\/wp\/v2\/users\/1"}],"replies":[{"embeddable":true,"href":"https:\/\/coralandcameo.com\/it\/wp-json\/wp\/v2\/comments?post=105"}],"version-history":[{"count":16,"href":"https:\/\/coralandcameo.com\/it\/wp-json\/wp\/v2\/pages\/105\/revisions"}],"predecessor-version":[{"id":703,"href":"https:\/\/coralandcameo.com\/it\/wp-json\/wp\/v2\/pages\/105\/revisions\/703"}],"wp:attachment":[{"href":"https:\/\/coralandcameo.com\/it\/wp-json\/wp\/v2\/media?parent=105"}],"curies":[{"name":"wp","href":"https:\/\/api.w.org\/{rel}","templated":true}]}}